{"id":193,"date":"2019-02-23T20:43:36","date_gmt":"2019-02-23T20:43:36","guid":{"rendered":"http:\/\/neu.pondera.at\/?page_id=193"},"modified":"2023-03-09T12:45:47","modified_gmt":"2023-03-09T11:45:47","slug":"sponsoring","status":"publish","type":"page","link":"https:\/\/www.pondera.at\/?page_id=193","title":{"rendered":"Sponsoring"},"content":{"rendered":"\n<p class=\"has-text-color\" style=\"color:#804c15\">Ohne \nprivate Spender und Firmen-Sponsoring oder auch Sachspenden g\u00e4be es den \nprofessionellen Therapiebetrieb in der jetzigen Form schlicht und \neinfach nicht. Daher m\u00f6chten wir uns bei allen Spendern und Sponsoren \nsehr herzlich f\u00fcr ihre finanzielle Unterst\u00fctzung bedanken!<\/p>\n\n\n\n<h3 class=\"wp-block-heading\">Unsere Sponsoren<\/h3>\n\n\n\n<div class=\"wp-block-columns is-layout-flex wp-container-core-columns-is-layout-9d6595d7 wp-block-columns-is-layout-flex\">\n<div class=\"wp-block-column is-layout-flow wp-block-column-is-layout-flow\" style=\"flex-basis:100%\">\n<figure class=\"wp-block-gallery has-nested-images columns-4 wp-block-gallery-1 is-layout-flex wp-block-gallery-is-layout-flex\">\n<figure class=\"wp-block-image size-large\"><img loading=\"lazy\" decoding=\"async\" width=\"200\" height=\"200\" data-id=\"206\" src=\"https:\/\/www.pondera.at\/wp-content\/uploads\/2019\/02\/soroptimist-e1550955503907.jpg\" alt=\"Soroptimist Ried - Innviertel\" class=\"wp-image-206\"\/><\/figure>\n\n\n\n<figure class=\"wp-block-image size-large\"><img loading=\"lazy\" decoding=\"async\" width=\"1024\" height=\"646\" data-id=\"202\" src=\"https:\/\/www.pondera.at\/wp-content\/uploads\/2019\/02\/infotech_300-1024x646.jpg\" alt=\"INFOTECH EDV-Systeme GmbH\" class=\"wp-image-202\"\/><\/figure>\n\n\n\n<figure class=\"wp-block-image size-large\"><img loading=\"lazy\" decoding=\"async\" width=\"200\" height=\"89\" data-id=\"200\" src=\"https:\/\/www.pondera.at\/wp-content\/uploads\/2019\/02\/magma-logo300-e1550955451126.jpg\" alt=\"Magma Fine Woodworking\" class=\"wp-image-200\"\/><\/figure>\n\n\n\n<figure class=\"wp-block-image size-large\"><img loading=\"lazy\" decoding=\"async\" width=\"1024\" height=\"235\" data-id=\"210\" src=\"https:\/\/www.pondera.at\/wp-content\/uploads\/2019\/02\/TEKAEF_bueroleben_rgb-1024x235.jpg\" alt=\"TEKAEF GmbH\" class=\"wp-image-210\"\/><figcaption class=\"wp-element-caption\">TEKAEF GmbH<\/figcaption><\/figure>\n\n\n\n<figure class=\"wp-block-image size-large\"><a href=\"http:\/\/www.raiffeisen-ried.at\/\" target=\"_blank\" rel=\"noreferrer noopener\"><img loading=\"lazy\" decoding=\"async\" width=\"834\" height=\"469\" data-id=\"520\" src=\"https:\/\/www.pondera.at\/wp-content\/uploads\/2023\/03\/Logo-RBR-Ried-1920x1080px-web-edited.jpg\" alt=\"\" class=\"wp-image-520\" srcset=\"https:\/\/www.pondera.at\/wp-content\/uploads\/2023\/03\/Logo-RBR-Ried-1920x1080px-web-edited.jpg 834w, https:\/\/www.pondera.at\/wp-content\/uploads\/2023\/03\/Logo-RBR-Ried-1920x1080px-web-edited-300x169.jpg 300w, https:\/\/www.pondera.at\/wp-content\/uploads\/2023\/03\/Logo-RBR-Ried-1920x1080px-web-edited-768x432.jpg 768w, https:\/\/www.pondera.at\/wp-content\/uploads\/2023\/03\/Logo-RBR-Ried-1920x1080px-web-edited-480x270.jpg 480w\" sizes=\"auto, (max-width: 834px) 100vw, 834px\" \/><\/a><\/figure>\n<\/figure>\n<\/div>\n<\/div>\n\n\n\n<ul class=\"wp-block-list\">\n<li><a rel=\"noreferrer noopener\" href=\"http:\/\/www.ried-innviertel.soroptimist.at\" target=\"_blank\">Soroptimist Ried Innviertel<\/a><\/li>\n\n\n\n<li><a href=\"https:\/\/www.lc3-ried.at\" target=\"_blank\" rel=\"noreferrer noopener\">Ladies Circle 3<\/a><\/li>\n\n\n\n<li><a rel=\"noreferrer noopener\" href=\"http:\/\/www.raiffeisen-ried.at\/\" target=\"_blank\">Raiffeisenbank Region Ried<\/a><\/li>\n\n\n\n<li><a rel=\"noreferrer noopener\" href=\"http:\/\/www.infotech.at\" target=\"_blank\">INFOTECH EDV-Systeme GmbH<\/a><\/li>\n\n\n\n<li><a href=\"http:\/\/www.magma-tools.de\">Magma Fine Woodworking<\/a><\/li>\n\n\n\n<li><a rel=\"noreferrer noopener\" href=\"http:\/\/www.tekaef.com\/\" target=\"_blank\">Tekaef B\u00fcroleben<\/a> <\/li>\n<\/ul>\n\n\n\n<p class=\"has-text-color\" style=\"color:#804c15\">Wenn Sie F\u00f6rderer von Verein Pondera &#8211;  Therapeutisches Reiten und Voltigieren werden und helfen m\u00f6chten, das  Leben der Menschen mit Beeintr\u00e4chtigungen zu verbessern, k\u00f6nnen Sie dies mit einer Spende tun. Gerne stehen wir Ihnen auch f\u00fcr einen  pers\u00f6nlichen Termin zur Verf\u00fcgung, bei dem wir den Therapiebetrieb und  unsere weiteren Aktivit\u00e4ten pr\u00e4sentieren.<\/p>\n\n\n\n<h3 class=\"wp-block-heading\"> Unser Spendenkonto <\/h3>\n\n\n\n<p class=\"has-text-color\" style=\"color:#804c15\">Raiffeisenbank Region Ried, IBAN AT74 3445 0800 0222 3899, BIC: RZOOAT2L45<\/p>\n","protected":false},"excerpt":{"rendered":"<p>Ohne private Spender und Firmen-Sponsoring oder auch Sachspenden g\u00e4be es den professionellen Therapiebetrieb in der jetzigen Form schlicht und einfach nicht. Daher m\u00f6chten wir uns bei allen Spendern und Sponsoren sehr herzlich f\u00fcr ihre finanzielle Unterst\u00fctzung bedanken! Unsere Sponsoren Wenn Sie F\u00f6rderer von Verein Pondera &#8211; Therapeutisches Reiten und Voltigieren werden und helfen m\u00f6chten, das Leben der Menschen mit Beeintr\u00e4chtigungen zu verbessern, k\u00f6nnen Sie dies mit einer Spende tun. Gerne stehen wir Ihnen auch f\u00fcr einen pers\u00f6nlichen Termin zur Verf\u00fcgung,&#8230;<\/p>\n<p class=\"read-more\"><a class=\"btn btn-default\" href=\"https:\/\/www.pondera.at\/?page_id=193\">Weiterlesen<span class=\"screen-reader-text\"> Weiterlesen<\/span><\/a><\/p>\n","protected":false},"author":1,"featured_media":0,"parent":0,"menu_order":0,"comment_status":"closed","ping_status":"closed","template":"","meta":{"footnotes":""},"class_list":["post-193","page","type-page","status-publish","hentry"],"_links":{"self":[{"href":"https:\/\/www.pondera.at\/index.php?rest_route=\/wp\/v2\/pages\/193","targetHints":{"allow":["GET"]}}],"collection":[{"href":"https:\/\/www.pondera.at\/index.php?rest_route=\/wp\/v2\/pages"}],"about":[{"href":"https:\/\/www.pondera.at\/index.php?rest_route=\/wp\/v2\/types\/page"}],"author":[{"embeddable":true,"href":"https:\/\/www.pondera.at\/index.php?rest_route=\/wp\/v2\/users\/1"}],"replies":[{"embeddable":true,"href":"https:\/\/www.pondera.at\/index.php?rest_route=%2Fwp%2Fv2%2Fcomments&post=193"}],"version-history":[{"count":11,"href":"https:\/\/www.pondera.at\/index.php?rest_route=\/wp\/v2\/pages\/193\/revisions"}],"predecessor-version":[{"id":522,"href":"https:\/\/www.pondera.at\/index.php?rest_route=\/wp\/v2\/pages\/193\/revisions\/522"}],"wp:attachment":[{"href":"https:\/\/www.pondera.at\/index.php?rest_route=%2Fwp%2Fv2%2Fmedia&parent=193"}],"curies":[{"name":"wp","href":"https:\/\/api.w.org\/{rel}","templated":true}]}}