{"id":79,"date":"2019-02-05T17:23:54","date_gmt":"2019-02-05T17:23:54","guid":{"rendered":"http:\/\/neu.pondera.at\/?page_id=79"},"modified":"2019-02-23T10:48:47","modified_gmt":"2019-02-23T10:48:47","slug":"ueber-uns","status":"publish","type":"page","link":"https:\/\/www.pondera.at\/?page_id=79","title":{"rendered":"\u00dcber uns"},"content":{"rendered":"\n<p style=\"color:#804c15\" class=\"has-text-color\">Der Verein Pondera &#8211; Therapeutisches \nReiten und Voltigieren hat seinen Sitz in Aurolzm\u00fcnster, Ober\u00f6sterreich.\n Die T\u00e4tigkeit ist nicht auf Gewinn gerichtet und bezweckt die F\u00f6rderung\n von Angeboten zur Unterst\u00fctzung der Entwicklung und Integration von \nMenschen mit kognitiven, sozialen, physischen und\/oder psychischen \nBeeintr\u00e4chtigungen, insbesondere durch F\u00f6rderung des Therapeutischen \nReitens.<\/p>\n\n\n\n<p style=\"color:#804c15\" class=\"has-text-color\">Nummer im Zentralen Vereinsregister: 607921631<\/p>\n","protected":false},"excerpt":{"rendered":"<p>Der Verein Pondera &#8211; Therapeutisches Reiten und Voltigieren hat seinen Sitz in Aurolzm\u00fcnster, Ober\u00f6sterreich. Die T\u00e4tigkeit ist nicht auf Gewinn gerichtet und bezweckt die F\u00f6rderung von Angeboten zur Unterst\u00fctzung der Entwicklung und Integration von Menschen mit kognitiven, sozialen, physischen und\/oder psychischen Beeintr\u00e4chtigungen, insbesondere durch F\u00f6rderung des Therapeutischen Reitens. Nummer im Zentralen Vereinsregister: 607921631<\/p>\n","protected":false},"author":1,"featured_media":0,"parent":0,"menu_order":0,"comment_status":"closed","ping_status":"closed","template":"","meta":{"footnotes":""},"class_list":["post-79","page","type-page","status-publish","hentry"],"_links":{"self":[{"href":"https:\/\/www.pondera.at\/index.php?rest_route=\/wp\/v2\/pages\/79","targetHints":{"allow":["GET"]}}],"collection":[{"href":"https:\/\/www.pondera.at\/index.php?rest_route=\/wp\/v2\/pages"}],"about":[{"href":"https:\/\/www.pondera.at\/index.php?rest_route=\/wp\/v2\/types\/page"}],"author":[{"embeddable":true,"href":"https:\/\/www.pondera.at\/index.php?rest_route=\/wp\/v2\/users\/1"}],"replies":[{"embeddable":true,"href":"https:\/\/www.pondera.at\/index.php?rest_route=%2Fwp%2Fv2%2Fcomments&post=79"}],"version-history":[{"count":2,"href":"https:\/\/www.pondera.at\/index.php?rest_route=\/wp\/v2\/pages\/79\/revisions"}],"predecessor-version":[{"id":125,"href":"https:\/\/www.pondera.at\/index.php?rest_route=\/wp\/v2\/pages\/79\/revisions\/125"}],"wp:attachment":[{"href":"https:\/\/www.pondera.at\/index.php?rest_route=%2Fwp%2Fv2%2Fmedia&parent=79"}],"curies":[{"name":"wp","href":"https:\/\/api.w.org\/{rel}","templated":true}]}}