{"id":8,"date":"2018-12-27T17:27:00","date_gmt":"2018-12-27T17:27:00","guid":{"rendered":"http:\/\/neu.pondera.at\/?page_id=8"},"modified":"2025-08-01T13:03:11","modified_gmt":"2025-08-01T11:03:11","slug":"therapiebtrieb","status":"publish","type":"page","link":"https:\/\/www.pondera.at\/?page_id=8","title":{"rendered":"Therapiebetrieb"},"content":{"rendered":"\n<p class=\"has-text-color\" style=\"color:#804c15\">Das Pferd als Co-Therapeut strahlt St\u00e4rke, Geborgenheit und Schutz  aus. Und es nimmt die Menschen an, wie sie sind. Das schafft Vertrauen  und st\u00e4rkt das Selbstbewusstsein.&nbsp; Beim Voltigieren \u2013 dem Turnen auf dem  Pferd \u2013 beziehungsweise beim Reiten sind alle Sinne gefordert. Unter  anderem werden Konzentration,  Gleichgewicht und Koordination gef\u00f6rdert. All dies macht die  Heilp\u00e4dagogische F\u00f6rderung und Therapie mit dem Pferd zu einer  ganzheitlichen und sehr wirksamen Therapie.  Es sind verschiedenste Problematiken, die Anlass f\u00fcr die Therapie  geben.  Das Pferd als Co-Therapeut strahlt St\u00e4rke, Geborgenheit und Schutz  aus. Und es nimmt die Menschen an, wie sie sind. Das schafft Vertrauen  und st\u00e4rkt das Selbstbewusstsein.&nbsp; Beim Voltigieren \u2013 dem Turnen auf dem  Pferd \u2013 beziehungsweise beim Reiten sind alle Sinne gefordert. Unter  anderem werden Konzentration,  Gleichgewicht und Koordination gef\u00f6rdert. All dies macht die  Heilp\u00e4dagogische F\u00f6rderung und Therapie mit dem Pferd zu einer  ganzheitlichen und sehr wirksamen Therapie. <\/p>\n\n\n\n<h2 class=\"wp-block-heading\">Zielgruppe<\/h2>\n\n\n\n<ul class=\"wp-block-list\">\n<li>Verhaltensauff\u00e4lligkeiten<\/li>\n\n\n\n<li>Geistige Behinderung<\/li>\n\n\n\n<li>Sinnesbehinderung<\/li>\n\n\n\n<li>Teilleistungs- und  Lernschw\u00e4chen <\/li>\n\n\n\n<li>Wahrnehmungs- und Sprachst\u00f6rungen <\/li>\n\n\n\n<li>Probleme im emotionalen und sozialen Bereich<\/li>\n\n\n\n<li>Psychiatrische Erkrankungen<\/li>\n<\/ul>\n\n\n\n<p class=\"has-text-color\" style=\"color:#804c15\">Die detaillierte Abkl\u00e4rung erfolgt im Erstgespr\u00e4ch mit der Therapeutin, bei dem auch die Zielsetzung und die geplante Dauer der Therapie besprochen werden. W\u00e4hrend des Therapieverlauf wird auf die individuelle Entwicklung eingegangen und die Therapie entsprechend laufend angepasst.<\/p>\n\n\n\n<p class=\"has-text-color has-link-color wp-elements-3bc608f58726df6e8937ca23271f7ce5\" style=\"color:#804c15\">Ansprechperson: Monika Simader-H\u00f6randner<br>Telefon: +43 664 9119690<\/p>\n","protected":false},"excerpt":{"rendered":"<p>Das Pferd als Co-Therapeut strahlt St\u00e4rke, Geborgenheit und Schutz aus. Und es nimmt die Menschen an, wie sie sind. Das schafft Vertrauen und st\u00e4rkt das Selbstbewusstsein.&nbsp; Beim Voltigieren \u2013 dem Turnen auf dem Pferd \u2013 beziehungsweise beim Reiten sind alle Sinne gefordert. Unter anderem werden Konzentration, Gleichgewicht und Koordination gef\u00f6rdert. All dies macht die Heilp\u00e4dagogische F\u00f6rderung und Therapie mit dem Pferd zu einer ganzheitlichen und sehr wirksamen Therapie. Es sind verschiedenste Problematiken, die Anlass f\u00fcr die Therapie geben. Das Pferd&#8230;<\/p>\n<p class=\"read-more\"><a class=\"btn btn-default\" href=\"https:\/\/www.pondera.at\/?page_id=8\">Weiterlesen<span class=\"screen-reader-text\"> Weiterlesen<\/span><\/a><\/p>\n","protected":false},"author":1,"featured_media":129,"parent":0,"menu_order":1,"comment_status":"closed","ping_status":"closed","template":"","meta":{"footnotes":""},"class_list":["post-8","page","type-page","status-publish","has-post-thumbnail","hentry"],"_links":{"self":[{"href":"https:\/\/www.pondera.at\/index.php?rest_route=\/wp\/v2\/pages\/8","targetHints":{"allow":["GET"]}}],"collection":[{"href":"https:\/\/www.pondera.at\/index.php?rest_route=\/wp\/v2\/pages"}],"about":[{"href":"https:\/\/www.pondera.at\/index.php?rest_route=\/wp\/v2\/types\/page"}],"author":[{"embeddable":true,"href":"https:\/\/www.pondera.at\/index.php?rest_route=\/wp\/v2\/users\/1"}],"replies":[{"embeddable":true,"href":"https:\/\/www.pondera.at\/index.php?rest_route=%2Fwp%2Fv2%2Fcomments&post=8"}],"version-history":[{"count":11,"href":"https:\/\/www.pondera.at\/index.php?rest_route=\/wp\/v2\/pages\/8\/revisions"}],"predecessor-version":[{"id":554,"href":"https:\/\/www.pondera.at\/index.php?rest_route=\/wp\/v2\/pages\/8\/revisions\/554"}],"wp:featuredmedia":[{"embeddable":true,"href":"https:\/\/www.pondera.at\/index.php?rest_route=\/wp\/v2\/media\/129"}],"wp:attachment":[{"href":"https:\/\/www.pondera.at\/index.php?rest_route=%2Fwp%2Fv2%2Fmedia&parent=8"}],"curies":[{"name":"wp","href":"https:\/\/api.w.org\/{rel}","templated":true}]}}