{"id":83,"date":"2019-02-05T18:06:37","date_gmt":"2019-02-05T18:06:37","guid":{"rendered":"http:\/\/neu.pondera.at\/?page_id=83"},"modified":"2019-02-23T21:30:39","modified_gmt":"2019-02-23T21:30:39","slug":"nationale-sommerspiele","status":"publish","type":"page","link":"https:\/\/www.pondera.at\/?page_id=83","title":{"rendered":"Nationale Sommerspiele"},"content":{"rendered":"\n<p style=\"color:#804c15\" class=\"has-text-color\">Special Olympics \u00d6sterreich sorgt immer ein Jahr vor den internationalen Sommerspielen daf\u00fcr, dass Nationalen Sommerspiele ausgerichtet werden. Im nominierten Bundesland wird ein Tr\u00e4gerverein etabliert, der die Organisation der gr\u00f6\u00dften Sportveranstaltung f\u00fcr Menschen mit mentaler Beeintr\u00e4chtigung \u00fcbernimmt. Die letzten Spiele fanden von 7. bis 12. Juni 2019 in V\u00f6cklabruck, Ober\u00f6sterreich statt und wurden vom Verein Br\u00fccken Bauen durchgef\u00fchrt. Und Pondera war nat\u00fcrlich erfolgreich dabei. F\u00fcr Lea Gschwandtner und Stephan Maier bedeuteten die Spiele auch die Nominierung f\u00fcr die World Summer Games 2019!<\/p>\n\n\n\n<figure class=\"wp-block-image\"><img loading=\"lazy\" decoding=\"async\" width=\"1024\" height=\"768\" src=\"http:\/\/neu.pondera.at\/wp-content\/uploads\/2019\/02\/IMG-20180613-WA0000-1024x768.jpg\" alt=\"Olympische Mannschaft von Pondera\" class=\"wp-image-115\" srcset=\"https:\/\/www.pondera.at\/wp-content\/uploads\/2019\/02\/IMG-20180613-WA0000-1024x768.jpg 1024w, https:\/\/www.pondera.at\/wp-content\/uploads\/2019\/02\/IMG-20180613-WA0000-300x225.jpg 300w, https:\/\/www.pondera.at\/wp-content\/uploads\/2019\/02\/IMG-20180613-WA0000-768x576.jpg 768w, https:\/\/www.pondera.at\/wp-content\/uploads\/2019\/02\/IMG-20180613-WA0000-360x270.jpg 360w, https:\/\/www.pondera.at\/wp-content\/uploads\/2019\/02\/IMG-20180613-WA0000.jpg 1600w\" sizes=\"auto, (max-width: 1024px) 100vw, 1024px\" \/><figcaption>Unsere (nicht vollst\u00e4ndige) Mannschaft 2018<\/figcaption><\/figure>\n\n\n\n<h3 class=\"wp-block-heading\">Unsere bisherigen Teilnahmen<\/h3>\n\n\n\n<ul class=\"wp-block-list\"><li>2006 &#8211; 4. Nationale Sommerspiele in Kapfenberg, Steiermark. Mannschaft: 1 Trainerin, 3 SportlerInnen<\/li><li>2010 &#8211; 5. Nationale Sommerspiele in St. P\u00f6lten, Nieder\u00f6sterreich. Mannschaft: 1 Trainerin, <\/li><li>2014 &#8211; 6. Nationale Sommerspiele in Klagenfurt, K\u00e4rnten. Mannschaft: 2 Trainerinnen, <\/li><li>2018 &#8211; 7. Nationale Sommerspiele in V\u00f6cklabruck, Ober\u00f6sterreich. Mannschaft: 2 Trainerinnen, 5 SportlerInnen, 2 Unified Partner <\/li><\/ul>\n","protected":false},"excerpt":{"rendered":"<p>Special Olympics \u00d6sterreich sorgt immer ein Jahr vor den internationalen Sommerspielen daf\u00fcr, dass Nationalen Sommerspiele ausgerichtet werden. Im nominierten Bundesland wird ein Tr\u00e4gerverein etabliert, der die Organisation der gr\u00f6\u00dften Sportveranstaltung f\u00fcr Menschen mit mentaler Beeintr\u00e4chtigung \u00fcbernimmt. Die letzten Spiele fanden von 7. bis 12. Juni 2019 in V\u00f6cklabruck, Ober\u00f6sterreich statt und wurden vom Verein Br\u00fccken Bauen durchgef\u00fchrt. Und Pondera war nat\u00fcrlich erfolgreich dabei. F\u00fcr Lea Gschwandtner und Stephan Maier bedeuteten die Spiele auch die Nominierung f\u00fcr die World Summer Games&#8230;<\/p>\n<p class=\"read-more\"><a class=\"btn btn-default\" href=\"https:\/\/www.pondera.at\/?page_id=83\">Weiterlesen<span class=\"screen-reader-text\"> Weiterlesen<\/span><\/a><\/p>\n","protected":false},"author":1,"featured_media":153,"parent":69,"menu_order":1,"comment_status":"closed","ping_status":"closed","template":"","meta":{"footnotes":""},"class_list":["post-83","page","type-page","status-publish","has-post-thumbnail","hentry"],"_links":{"self":[{"href":"https:\/\/www.pondera.at\/index.php?rest_route=\/wp\/v2\/pages\/83","targetHints":{"allow":["GET"]}}],"collection":[{"href":"https:\/\/www.pondera.at\/index.php?rest_route=\/wp\/v2\/pages"}],"about":[{"href":"https:\/\/www.pondera.at\/index.php?rest_route=\/wp\/v2\/types\/page"}],"author":[{"embeddable":true,"href":"https:\/\/www.pondera.at\/index.php?rest_route=\/wp\/v2\/users\/1"}],"replies":[{"embeddable":true,"href":"https:\/\/www.pondera.at\/index.php?rest_route=%2Fwp%2Fv2%2Fcomments&post=83"}],"version-history":[{"count":6,"href":"https:\/\/www.pondera.at\/index.php?rest_route=\/wp\/v2\/pages\/83\/revisions"}],"predecessor-version":[{"id":163,"href":"https:\/\/www.pondera.at\/index.php?rest_route=\/wp\/v2\/pages\/83\/revisions\/163"}],"up":[{"embeddable":true,"href":"https:\/\/www.pondera.at\/index.php?rest_route=\/wp\/v2\/pages\/69"}],"wp:featuredmedia":[{"embeddable":true,"href":"https:\/\/www.pondera.at\/index.php?rest_route=\/wp\/v2\/media\/153"}],"wp:attachment":[{"href":"https:\/\/www.pondera.at\/index.php?rest_route=%2Fwp%2Fv2%2Fmedia&parent=83"}],"curies":[{"name":"wp","href":"https:\/\/api.w.org\/{rel}","templated":true}]}}